{"id":693,"date":"2024-01-18T23:28:30","date_gmt":"2024-01-18T22:28:30","guid":{"rendered":"https:\/\/uniomusicalmuro.org\/?page_id=693"},"modified":"2024-11-14T23:15:45","modified_gmt":"2024-11-14T22:15:45","slug":"homenatge-rafael-alcaraz-1924-2024","status":"publish","type":"page","link":"https:\/\/uniomusicalmuro.org\/?page_id=693","title":{"rendered":"HOMENATGE RAFAEL ALCARAZ 1924-2024"},"content":{"rendered":"\n<div style=\"height:64px\" aria-hidden=\"true\" class=\"wp-block-spacer\"><\/div>\n\n\n\n<h2 class=\"wp-block-heading\">PRESENTACI\u00d3<\/h2>\n\n\n\n<div class=\"wp-block-columns are-vertically-aligned-center is-layout-flex wp-container-core-columns-layout-1 wp-block-columns-is-layout-flex\">\n<div class=\"wp-block-column is-vertically-aligned-center is-layout-flow wp-block-column-is-layout-flow\" style=\"flex-basis:100%\">\n<p>Muro presenta les activitats que retran homenatge al music Rafael Alcaraz durant l\u2019any del centenari del seu naixement<\/p>\n\n\n\n<p>\u25cf L\u2019ajuntament convoca el VIII Premi de Composici\u00f3 Vila de Muro que portar\u00e0 el nom Rafael Alcaraz i est\u00e0 dotat amb 4.000 euros<br>\u25cf La primera activitat ser\u00e0 una exposici\u00f3 biogr\u00e0fica del mestre que s\u2019inaugurar\u00e0 a la Fireta de Sant Antoni el proper divendres, 19 de gener<br><\/p>\n\n\n\n<figure class=\"wp-block-image size-large\"><img loading=\"lazy\" decoding=\"async\" width=\"1024\" height=\"768\" src=\"https:\/\/uniomusicalmuro.org\/wp-content\/uploads\/2024\/07\/WhatsApp-Image-2024-01-15-at-15.20.26-1024x768.jpeg\" alt=\"\" class=\"wp-image-807\" srcset=\"https:\/\/uniomusicalmuro.org\/wp-content\/uploads\/2024\/07\/WhatsApp-Image-2024-01-15-at-15.20.26-1024x768.jpeg 1024w, https:\/\/uniomusicalmuro.org\/wp-content\/uploads\/2024\/07\/WhatsApp-Image-2024-01-15-at-15.20.26-600x450.jpeg 600w, https:\/\/uniomusicalmuro.org\/wp-content\/uploads\/2024\/07\/WhatsApp-Image-2024-01-15-at-15.20.26-300x225.jpeg 300w, https:\/\/uniomusicalmuro.org\/wp-content\/uploads\/2024\/07\/WhatsApp-Image-2024-01-15-at-15.20.26-768x576.jpeg 768w, https:\/\/uniomusicalmuro.org\/wp-content\/uploads\/2024\/07\/WhatsApp-Image-2024-01-15-at-15.20.26-1536x1152.jpeg 1536w, https:\/\/uniomusicalmuro.org\/wp-content\/uploads\/2024\/07\/WhatsApp-Image-2024-01-15-at-15.20.26.jpeg 2048w\" sizes=\"(max-width: 1024px) 100vw, 1024px\" \/><\/figure>\n\n\n\n<p>L\u2019Ajuntament de Muro juntament amb la Uni\u00f3 Musical de Muro i l&#8217;Associaci\u00f3 L\u00edrico-Cultural &#8220;Maestro Alcaraz\u201d han presentat aquest mat\u00ed les activitats amb les que el poble de Muro retr\u00e0 homenatge al m\u00fasic i compositor murer, Rafael Alcaraz amb motiu del centenari del seu naixement.<br>La primera de les activitats previstes es una exposici\u00f3 biogr\u00e0fica del mestre que s\u2019inaugurar\u00e0 el proper divendres, 19 de gener, amb motiu de la celebraci\u00f3 de la Fireta de Sant Antoni. Durant l\u2019acte han estat presents l\u2019alcalde de Muro, Vicent Molina; el director, compositor i assessor art\u00edstic i musical del Premi Internacional de Composici\u00f3 &#8220;Vila de Muro&#8221;, Jos\u00e9 Rafael Pascual Vilaplana; el director de la Uni\u00f3 Musical de Muro, Manolo Mond\u00e9jar Criado; la presidenta de la Uni\u00f3 Musical de Muro, Soraya Sanchis Mogino y el director de l&#8217;Associaci\u00f3 L\u00edrico-Cultural &#8220;Maestro<br>Alcaraz\u201d,&nbsp;Antonio&nbsp;Olcina.<br>Com ha explicat l\u2019alcalde de Muro, Vicent Molina, en els pr\u00f2xims dies es publicaran les bases i la imatge corporativa del VIII Premi Internacional de Composici\u00f3 Vila de Muro que enguany tindr\u00e0 el subt\u00edtol \u2018Mestre Rafael Alcaraz\u2019. Una convocat\u00f2ria que aquest any est\u00e0 dotada amb 4.000 euros. Les persones interessades en participar podran presentar les obres fins al 31 d\u2019octubre de 2024. L\u2019obra guanyadora es presentar\u00e0 en un concert l&#8217;any vinent, encara que l\u2019informaci\u00f3 completa estar\u00e0 a les bases que es presentaran pr\u00f2ximament. A m\u00e9s, l\u2019alcalde ha mostrat el seu recolzament total als actes organitzats per la Uni\u00f3 Musical de Muro i per l&#8217;Associaci\u00f3 L\u00edrico-Cultural Maestro Alcaraz \u201cper aquest homenatge a una figura il\u00b7lustre per al nostre poble, referent cultural i musical, que forma part de la nostra hist\u00f2ria \u201d.<\/p>\n\n\n\n<figure class=\"wp-block-image size-large\"><img loading=\"lazy\" decoding=\"async\" width=\"1024\" height=\"768\" src=\"https:\/\/uniomusicalmuro.org\/wp-content\/uploads\/2024\/07\/WhatsApp-Image-2024-01-15-at-15.20.27-1024x768.jpeg\" alt=\"\" class=\"wp-image-809\" srcset=\"https:\/\/uniomusicalmuro.org\/wp-content\/uploads\/2024\/07\/WhatsApp-Image-2024-01-15-at-15.20.27-1024x768.jpeg 1024w, https:\/\/uniomusicalmuro.org\/wp-content\/uploads\/2024\/07\/WhatsApp-Image-2024-01-15-at-15.20.27-600x450.jpeg 600w, https:\/\/uniomusicalmuro.org\/wp-content\/uploads\/2024\/07\/WhatsApp-Image-2024-01-15-at-15.20.27-300x225.jpeg 300w, https:\/\/uniomusicalmuro.org\/wp-content\/uploads\/2024\/07\/WhatsApp-Image-2024-01-15-at-15.20.27-768x576.jpeg 768w, https:\/\/uniomusicalmuro.org\/wp-content\/uploads\/2024\/07\/WhatsApp-Image-2024-01-15-at-15.20.27-1536x1152.jpeg 1536w, https:\/\/uniomusicalmuro.org\/wp-content\/uploads\/2024\/07\/WhatsApp-Image-2024-01-15-at-15.20.27.jpeg 1600w\" sizes=\"(max-width: 1024px) 100vw, 1024px\" \/><\/figure>\n\n\n\n<p><br>A mes de l\u2019exposici\u00f3 biogr\u00e0fica que s\u2019inaugura aquesta mateixa setmana, al mes d\u2019abril se celebrar\u00e0 un Concert homenatge, dirigit per Manolo Mond\u00e9jar i Jos\u00e9 Rafael Pascual Vilaplana que se gravar\u00e0 en directe i s\u2019editar\u00e0 posteriorment un CD. En aquest concert s\u2019interpretaran les quatre grans obres que va escriure el mestre per deixar testimoni del seu treball simf\u00f2nic. Per la seua banda, el director, compositor i assessor art\u00edstic i musical del Premi Internacional de composici\u00f3, Jos\u00e9 Rafael Pascual Vilaplana ha destacat \u201cel gran inter\u00e9s que Alcaraz va posar en la cultura i la recuperaci\u00f3 del patrimoni murer, especialment musical, amb peces com l&#8217;Aurora, Danses de Palau, Himne a la Mare de D\u00e9u dels Desemparats, i altres\u201d.<\/p>\n\n\n\n<p>Al mes de maig, el Concert de Festes de Moros i Cristians es dedicar\u00e0 mitja part al music murer. Segons ha explicat, la presidenta de la Uni\u00f3 Musical de Muro, Soraya Sanchis Mogino, \u201cdurant els dies de les nostres Festes de Moros i Cristians en els diferents actes s\u2019inclour\u00e0n peces del mestre Alcaraz perqu\u00e8, en aquestos dies en els que la m\u00fasica es torna encara m\u00e9s protagonista, festers i visitants puguen con\u00e8ixer algunes de les obres m\u00e9s importants del m\u00fasic i compositor\u201d. Al juliol, est\u00e0 previst un Concert d\u2019Estiu dedicat a la Sarsuela, per l\u2019admiraci\u00f3 aquest g\u00e8nere musical i per la creaci\u00f3 de l\u2019Associaci\u00f3 L\u00edrica Musical \u201cMestre Alcaraz\u201d, dedicada a divulgar aquest g\u00e8nere. En setembre, hi haur\u00e0 un concert l\u00edric a c\u00e0rrec de l\u2019Associaci\u00f3 L\u00edrica Musical \u201cMestre Alcaraz\u201d. Entre les<br>activitats del 9 d\u2019Octubre, s\u2019oferir\u00e0 una Confer\u00e8ncia sobre la vida i obra de Rafael Alcaraz a c\u00e0rrec de Jos\u00e9 Rafael Pascual Vilaplana. I per tancar l\u2019any, en desembre, se celebrar\u00e0 el lliurament del Premi de Composici\u00f3 Vila de Muro \u2018Rafael Alcaraz\u2019 i es far\u00e0 una taula rodona a c\u00e0rrec del tribunal del concurs.<br>A m\u00e9s, al Concert de Santa Cecilia es presentar\u00e0 del CD gravat a abril. Un any musical i cultural intens per dur a la mem\u00f2ria de murers i amants de la m\u00fasica el gran legat que ens va deixar Rafael Alcaraz.<\/p>\n<\/div>\n<\/div>\n\n\n\n<hr class=\"wp-block-separator alignfull has-alpha-channel-opacity is-style-dots\"\/>\n\n\n\n<h2 class=\"wp-block-heading\">ACTIVITATS<\/h2>\n\n\n\n<div class=\"wp-block-columns is-layout-flex wp-container-core-columns-layout-2 wp-block-columns-is-layout-flex\">\n<div class=\"wp-block-column is-layout-flow wp-block-column-is-layout-flow\">\n<figure class=\"wp-block-image size-large is-resized\"><img loading=\"lazy\" decoding=\"async\" width=\"1024\" height=\"978\" src=\"https:\/\/uniomusicalmuro.org\/wp-content\/uploads\/2024\/11\/cartell-Fireta-2024-e1731621491704-1024x978.jpeg\" alt=\"\" class=\"wp-image-1001\" style=\"width:460px;height:auto\" srcset=\"https:\/\/uniomusicalmuro.org\/wp-content\/uploads\/2024\/11\/cartell-Fireta-2024-e1731621491704-1024x978.jpeg 1024w, https:\/\/uniomusicalmuro.org\/wp-content\/uploads\/2024\/11\/cartell-Fireta-2024-e1731621491704-600x573.jpeg 600w, https:\/\/uniomusicalmuro.org\/wp-content\/uploads\/2024\/11\/cartell-Fireta-2024-e1731621491704-300x286.jpeg 300w, https:\/\/uniomusicalmuro.org\/wp-content\/uploads\/2024\/11\/cartell-Fireta-2024-e1731621491704-768x733.jpeg 768w, https:\/\/uniomusicalmuro.org\/wp-content\/uploads\/2024\/11\/cartell-Fireta-2024-e1731621491704.jpeg 1106w\" sizes=\"(max-width: 1024px) 100vw, 1024px\" \/><figcaption class=\"wp-element-caption\"><strong>EXPOSICI\u00d3 SOBRE LA VIDA DE RAFAEL ALCARAZ RAMIS<\/strong><\/figcaption><\/figure>\n<\/div>\n\n\n\n<div class=\"wp-block-column is-layout-flow wp-block-column-is-layout-flow\">\n<figure class=\"wp-block-image size-large is-resized\"><img loading=\"lazy\" decoding=\"async\" width=\"1024\" height=\"993\" src=\"https:\/\/uniomusicalmuro.org\/wp-content\/uploads\/2024\/11\/concert-fester-4-2-e1731622509938-1024x993.jpg\" alt=\"\" class=\"wp-image-1010\" style=\"width:454px;height:auto\" srcset=\"https:\/\/uniomusicalmuro.org\/wp-content\/uploads\/2024\/11\/concert-fester-4-2-e1731622509938-1024x993.jpg 1024w, https:\/\/uniomusicalmuro.org\/wp-content\/uploads\/2024\/11\/concert-fester-4-2-e1731622509938-600x582.jpg 600w, https:\/\/uniomusicalmuro.org\/wp-content\/uploads\/2024\/11\/concert-fester-4-2-e1731622509938-300x291.jpg 300w, https:\/\/uniomusicalmuro.org\/wp-content\/uploads\/2024\/11\/concert-fester-4-2-e1731622509938-768x745.jpg 768w, https:\/\/uniomusicalmuro.org\/wp-content\/uploads\/2024\/11\/concert-fester-4-2-e1731622509938.jpg 1356w\" sizes=\"(max-width: 1024px) 100vw, 1024px\" \/><figcaption class=\"wp-element-caption\"><strong>CONCERT DE FESTES DE MURO 2024<\/strong><\/figcaption><\/figure>\n<\/div>\n<\/div>\n\n\n\n<div class=\"wp-block-columns is-layout-flex wp-container-core-columns-layout-3 wp-block-columns-is-layout-flex\">\n<div class=\"wp-block-column is-layout-flow wp-block-column-is-layout-flow\">\n<figure class=\"wp-block-image size-large is-resized\"><img loading=\"lazy\" decoding=\"async\" width=\"1024\" height=\"1024\" src=\"https:\/\/uniomusicalmuro.org\/wp-content\/uploads\/2024\/11\/cartellinstagram-1024x1024.jpg\" alt=\"\" class=\"wp-image-995\" style=\"width:462px;height:auto\" srcset=\"https:\/\/uniomusicalmuro.org\/wp-content\/uploads\/2024\/11\/cartellinstagram-1024x1024.jpg 1024w, https:\/\/uniomusicalmuro.org\/wp-content\/uploads\/2024\/11\/cartellinstagram-300x300.jpg 300w, https:\/\/uniomusicalmuro.org\/wp-content\/uploads\/2024\/11\/cartellinstagram-scaled-100x100.jpg 100w, https:\/\/uniomusicalmuro.org\/wp-content\/uploads\/2024\/11\/cartellinstagram-scaled-600x600.jpg 600w, https:\/\/uniomusicalmuro.org\/wp-content\/uploads\/2024\/11\/cartellinstagram-150x150.jpg 150w, https:\/\/uniomusicalmuro.org\/wp-content\/uploads\/2024\/11\/cartellinstagram-768x768.jpg 768w, https:\/\/uniomusicalmuro.org\/wp-content\/uploads\/2024\/11\/cartellinstagram-1536x1536.jpg 1536w, https:\/\/uniomusicalmuro.org\/wp-content\/uploads\/2024\/11\/cartellinstagram-2048x2048.jpg 2048w, https:\/\/uniomusicalmuro.org\/wp-content\/uploads\/2024\/11\/cartellinstagram-60x60.jpg 60w\" sizes=\"(max-width: 1024px) 100vw, 1024px\" \/><figcaption class=\"wp-element-caption\"><strong>CONCERT HOMENATGE A RAFAEL ALCARAZ RAMIS<\/strong><\/figcaption><\/figure>\n<\/div>\n\n\n\n<div class=\"wp-block-column is-layout-flow wp-block-column-is-layout-flow\">\n<figure class=\"wp-block-image size-large\"><img loading=\"lazy\" decoding=\"async\" width=\"1024\" height=\"1024\" src=\"https:\/\/uniomusicalmuro.org\/wp-content\/uploads\/2024\/11\/concer_estiu_2024_instagram-1024x1024.jpg\" alt=\"\" class=\"wp-image-998\" srcset=\"https:\/\/uniomusicalmuro.org\/wp-content\/uploads\/2024\/11\/concer_estiu_2024_instagram-1024x1024.jpg 1024w, https:\/\/uniomusicalmuro.org\/wp-content\/uploads\/2024\/11\/concer_estiu_2024_instagram-300x300.jpg 300w, https:\/\/uniomusicalmuro.org\/wp-content\/uploads\/2024\/11\/concer_estiu_2024_instagram-100x100.jpg 100w, https:\/\/uniomusicalmuro.org\/wp-content\/uploads\/2024\/11\/concer_estiu_2024_instagram-600x600.jpg 600w, https:\/\/uniomusicalmuro.org\/wp-content\/uploads\/2024\/11\/concer_estiu_2024_instagram-150x150.jpg 150w, https:\/\/uniomusicalmuro.org\/wp-content\/uploads\/2024\/11\/concer_estiu_2024_instagram-768x768.jpg 768w, https:\/\/uniomusicalmuro.org\/wp-content\/uploads\/2024\/11\/concer_estiu_2024_instagram-1536x1536.jpg 1536w, https:\/\/uniomusicalmuro.org\/wp-content\/uploads\/2024\/11\/concer_estiu_2024_instagram-2048x2048.jpg 2048w, https:\/\/uniomusicalmuro.org\/wp-content\/uploads\/2024\/11\/concer_estiu_2024_instagram-60x60.jpg 60w\" sizes=\"(max-width: 1024px) 100vw, 1024px\" \/><figcaption class=\"wp-element-caption\"><strong>CONCERT D&#8217;ESTIU HOMENATGE A LA SARSUELA<\/strong><\/figcaption><\/figure>\n<\/div>\n<\/div>\n\n\n\n<div class=\"wp-block-columns is-layout-flex wp-container-core-columns-layout-4 wp-block-columns-is-layout-flex\">\n<div class=\"wp-block-column is-layout-flow wp-block-column-is-layout-flow\">\n<figure class=\"wp-block-image size-large\"><img loading=\"lazy\" decoding=\"async\" width=\"1024\" height=\"1024\" src=\"https:\/\/uniomusicalmuro.org\/wp-content\/uploads\/2024\/11\/conferencia-jose-rafael-color-1024x1024.jpg\" alt=\"\" class=\"wp-image-1005\" srcset=\"https:\/\/uniomusicalmuro.org\/wp-content\/uploads\/2024\/11\/conferencia-jose-rafael-color-1024x1024.jpg 1024w, https:\/\/uniomusicalmuro.org\/wp-content\/uploads\/2024\/11\/conferencia-jose-rafael-color-300x300.jpg 300w, https:\/\/uniomusicalmuro.org\/wp-content\/uploads\/2024\/11\/conferencia-jose-rafael-color-100x100.jpg 100w, https:\/\/uniomusicalmuro.org\/wp-content\/uploads\/2024\/11\/conferencia-jose-rafael-color-600x600.jpg 600w, https:\/\/uniomusicalmuro.org\/wp-content\/uploads\/2024\/11\/conferencia-jose-rafael-color-150x150.jpg 150w, https:\/\/uniomusicalmuro.org\/wp-content\/uploads\/2024\/11\/conferencia-jose-rafael-color-768x768.jpg 768w, https:\/\/uniomusicalmuro.org\/wp-content\/uploads\/2024\/11\/conferencia-jose-rafael-color-1536x1536.jpg 1536w, https:\/\/uniomusicalmuro.org\/wp-content\/uploads\/2024\/11\/conferencia-jose-rafael-color-2048x2048.jpg 2048w, https:\/\/uniomusicalmuro.org\/wp-content\/uploads\/2024\/11\/conferencia-jose-rafael-color-60x60.jpg 60w\" sizes=\"(max-width: 1024px) 100vw, 1024px\" \/><figcaption class=\"wp-element-caption\"><strong>CONFER\u00c8NCIA DE JOS\u00c9 RAFAEL PASCUAL-VILAPLANA SOBRE LA FIGURA DEL <\/strong><br><br><strong>MESTRE RAFAEL ALCARAZ RAMIS<\/strong><\/figcaption><\/figure>\n<\/div>\n\n\n\n<div class=\"wp-block-column is-layout-flow wp-block-column-is-layout-flow\"><\/div>\n<\/div>\n","protected":false},"excerpt":{"rendered":"<p>PRESENTACI\u00d3 Muro presenta les activitats que retran homenatge al music Rafael Alcaraz durant l\u2019any del centenari&#8230;<\/p>\n","protected":false},"author":2,"featured_media":790,"parent":54,"menu_order":1,"comment_status":"closed","ping_status":"closed","template":"","meta":{"footnotes":""},"_links":{"self":[{"href":"https:\/\/uniomusicalmuro.org\/index.php?rest_route=\/wp\/v2\/pages\/693"}],"collection":[{"href":"https:\/\/uniomusicalmuro.org\/index.php?rest_route=\/wp\/v2\/pages"}],"about":[{"href":"https:\/\/uniomusicalmuro.org\/index.php?rest_route=\/wp\/v2\/types\/page"}],"author":[{"embeddable":true,"href":"https:\/\/uniomusicalmuro.org\/index.php?rest_route=\/wp\/v2\/users\/2"}],"replies":[{"embeddable":true,"href":"https:\/\/uniomusicalmuro.org\/index.php?rest_route=%2Fwp%2Fv2%2Fcomments&post=693"}],"version-history":[{"count":17,"href":"https:\/\/uniomusicalmuro.org\/index.php?rest_route=\/wp\/v2\/pages\/693\/revisions"}],"predecessor-version":[{"id":1011,"href":"https:\/\/uniomusicalmuro.org\/index.php?rest_route=\/wp\/v2\/pages\/693\/revisions\/1011"}],"up":[{"embeddable":true,"href":"https:\/\/uniomusicalmuro.org\/index.php?rest_route=\/wp\/v2\/pages\/54"}],"wp:featuredmedia":[{"embeddable":true,"href":"https:\/\/uniomusicalmuro.org\/index.php?rest_route=\/wp\/v2\/media\/790"}],"wp:attachment":[{"href":"https:\/\/uniomusicalmuro.org\/index.php?rest_route=%2Fwp%2Fv2%2Fmedia&parent=693"}],"curies":[{"name":"wp","href":"https:\/\/api.w.org\/{rel}","templated":true}]}}