{"id":671,"date":"2024-01-17T00:35:13","date_gmt":"2024-01-16T23:35:13","guid":{"rendered":"https:\/\/uniomusicalmuro.org\/?page_id=671"},"modified":"2024-08-18T13:02:06","modified_gmt":"2024-08-18T11:02:06","slug":"seus","status":"publish","type":"page","link":"https:\/\/uniomusicalmuro.org\/?page_id=671","title":{"rendered":"SEUS"},"content":{"rendered":"\n<div class=\"wp-block-columns alignwide is-layout-flex wp-container-core-columns-layout-1 wp-block-columns-is-layout-flex\">\n<div class=\"wp-block-column is-layout-flow wp-block-column-is-layout-flow\">\n<h1 class=\"wp-block-heading has-text-align-center\">Seu Actual<\/h1>\n\n\n\n<div style=\"height:64px\" aria-hidden=\"true\" class=\"wp-block-spacer\"><\/div>\n\n\n\n<p>En 1974, en la primera quinzena de juny una representaci\u00f3 de cada una de les \u201cfilaes\u201d acompanyades de la Uni\u00f3 Musical assistiren a Planes \u201d a la entrega del primer premio de embellecimiento de pueblos que se le hab\u00eda concedido a esta poblaci\u00f3n \u201d (155). Tamb\u00e9, es particip\u0430 en la desfilada que s\u2019organitzava anualment en la celebraci\u00f3 de les Fogueres de sant Joan, en aquesta ocasi\u00f3 en companyia de les dames de les festes, i en la de les Falles de Val\u00e8ncia amb la fil\u0430 Maseros. Eixe mateix any, s\u2019intervingu\u00e9 en la desfilada de cloenda del I Congr\u00e9s de Moros i Cristians efectuat a Villena tocant amb la fil\u0430 Realistes i la fil\u0430 Contrabandistes.<\/p>\n\n\n<div class=\"wp-block-image\">\n<figure class=\"alignleft\"><a href=\"https:\/\/uniomusicalmuro.files.wordpress.com\/2014\/01\/la_nostra_seu.jpg\"><img decoding=\"async\" src=\"https:\/\/uniomusicalmuro.files.wordpress.com\/2014\/01\/la_nostra_seu.jpg?w=224&amp;h=300\" alt=\"la_nostra_seu\" class=\"wp-image-217\"\/><\/a><\/figure><\/div>\n\n\n<p>Durant aquesta etapa d\u2019esplendor, la banda ja comptava amb seixanta-cinc membres. Cal recordar que la d\u00e9cada dels setanta s\u2019havia iniciat amb nom\u00e9s una quarantena de m\u00fasics\u2026 La dignitat i respecte aconseguits requeria, exigia majors ambicions per part de la Uni\u00f3 Musical i aleshores, s\u2019acord\u0430 comprar un local que fos m\u00e9s gran que permetera acollir altres activitats musicals. Despr\u00e9s de distintes gestions efectuades pel President de l\u2019entitat, Juan Garcia, parlant amb els propietaris d\u2019alguns solars, la casa dels Bono i el local del \u201cPotet\u201d, finalment, en 1974 es vengu\u00e9 la casa i el local del barri Papa Joan XXIII per un mili\u00f3 de pessetes i s\u2019adquir\u00ed per 2.250.000 ptes. un edifici de tres plantes i un ampli hort situat al carrer Carme, n\u00fam. 2, ja que aquest reutotes les condicions que es necessitaven i que, a hores d\u2019ara, continua sent la Seu Social. El tradicional concert de Santa Cec\u043dlia de 1974 serv\u00ed com a targeta de presentaci\u00f3 del nou local on la banda \u201d obsequi\u00f3 a nuestras autoridades e invitados a un vino de honor \u201d (156).<\/p>\n\n\n\n<p>En aquesta casa es tenien dipositades moltes il\u00b7lusions de cara al futur i es pretenia \u201d montar en la misma el local de ensayo para la Banda , sala de biblioteca, sal\u00f3n con aparatos magnetof\u00f3nicos, bar casino para los socios, patios para recreo y esparcimiento con sus correspondientes piscinas, etc., es decir, lo que debe ser una Sociedad Cultural y Recreativa\u201d (157). Aquest plantejament tenia un rerafons innovador: per un costat, suposava disposar d\u2019un lloc on els m\u00fasics i socis pogueren reunir-se i conviure; i per l\u2019altre, implicava un canvi en la gesti\u00f3 de la vida de la banda, al passar els socis, en companyia d\u2019alguns m\u00fasics, a fer-se c\u0430rrec de la Junta Directiva d\u2019eixa Societat (administraci\u00f3, recerca de solucions econ\u00f2miques, gesti\u00f3 dels contractes, etc.), mentre que els m\u00fasics es centrarien en la part estrictament musical (assaigs, preparaci\u00f3 de cert\u0430mens, etc.). De fet, la majoria de les bandes de la \u201cprov\u00edncia\u201d de Val\u00e8ncia segueixen aquest model de gesti\u00f3. El transcurs del temps de llavors en\u00e7\u0430 ens ha demostrat que a\u00e7\u00f2 no quall\u0430 al si de la Uni\u0443 Musical.<\/p>\n\n\n<div class=\"wp-block-image\">\n<figure class=\"alignright is-resized\"><a href=\"https:\/\/uniomusicalmuro.files.wordpress.com\/2014\/01\/seu.jpg\"><img decoding=\"async\" src=\"https:\/\/uniomusicalmuro.files.wordpress.com\/2014\/01\/seu.jpg?w=228&amp;h=305\" alt=\"seu\" class=\"wp-image-218\" style=\"width:281px;height:auto\"\/><\/a><\/figure><\/div>\n\n\n<p>Per tal de comen\u00e7ar, es pensava invertir \u201cla suma de 4 a 5 millones de pesetas, esto aparte de lo que ha costado la adquisici\u00f3n del inmueble \u201d (158). Un projecte ambici\u00f3s com veiem i que al llarg dels anys aniria fent-se realitat. La necessitat de rehabilitar la seu social de l\u2019entitat donat el lamentable estat en qu\u00e9 es trobava l\u2019edifici, que tenia una antiguitat de m\u00e9s d\u2019un centenar d\u2019anys, era un desig que es plantejava al si de les reunions de la Junta Directiva des de finals de l\u2019estiu de 1995 (181), com hem indicat m\u00e9s amunt. A m\u00e9s, es temia alguns possibles despreniments de la fa\u0437ana, amb el conseg\u00fcent perill per als vianants. En un primer moment, l\u2019arquitecte murer Jos\u00e9 Goz\u00e1lbez Esteve s\u2019ofer\u00ed per a realitzar el projecte inicial de la rehabilitaci\u00f3 de la fa\u00e7ana i coberta i redact\u0430 la corresponent \u201cmem\u00f2ria valorada\u201d \u2013document imprescindible per a demanar una subvenci\u00f3 oficial-, tot i que posteriorment, davant de l\u2019exist\u00e8ncia al si de la banda d\u2019un membre que era arquitecte, Silvana Jord\u00e0 Richart (en companyia de Marta Folch Grau que treballen totes dues al mateix gabinet), se li adjudic\u0430 a aquesta l\u2019elaboraci\u00f3 final de tot el projecte. Aquest es present\u0430 als organismes oficials competents, que any rere any ajornaven la seua aprovaci\u00f3 fins que, finalment, en 1999 el CEDER (Centre de Desenrotllament Rural) amb seu a la vila Comtal de Cocentaina conced\u00ed una subvenci\u00f3 de 17 milions de pessetes dels fons europeus per a restaurar la fa\u00e7ana i renovar la teulada, mentre que eixe mateix any la Generalitat Valenciana aport\u0430 35 milions per a la remodelaci\u00f3 i condicionament de la part interior de l\u2019edifici amb calefacci\u00f3 i ascensor inclosos. Per\u00f2 el cost total de l\u2019obra pujava al voltant dels 80 milions, per la qual cosa s\u2019hagu\u00e9 de fer un pr\u00e8stec per una quantitat superior, en concret d\u2019uns seixanta-dos milions pagaders en 25 anys, que permetr\u0430, per un costat cobrir la resta del projecte; per altre, dur-lo endavant donat la tardan\u00e7a en rebre les subvencions oficials; i finalment, per recolzar-lo en el cas, molt probable, de qu\u00e9 les previsions quedaren superades\u2026<\/p>\n\n\n\n<p>L\u2019envergadura de la mampresa provoc\u0430 les normals inquietuds en un sector dels m\u00fasics que arribaren a l\u2019extrem de rebutjar les esmentades subvencions. Tanmateix, el nou President, Salvador Palmer Blasco, convoc\u0430 una Assemblea General de m\u00fasics, que despr\u00e9s de les oportunes discussions, aprov\u0430 per majoria absoluta la realitzaci\u00f3 de la rehabilitaci\u00f3 de l\u2019edifici. Les obres comen\u00e7aren en acabar l\u2019estiu de 2000 amb la intenci\u00f3 d\u2019inaugurar-lo a finals de l\u2019any seg\u00fcent. Per a dur-les endavant, es contract\u0430 l\u2019empresa \u201cMediterr\u0430nia de Restauracions\u201d de Val\u00e8ncia per la seua experi\u00e8ncia en aquest tipus de treballs.<\/p>\n\n\n<div class=\"wp-block-image\">\n<figure class=\"aligncenter\"><a href=\"https:\/\/uniomusicalmuro.files.wordpress.com\/2014\/01\/unnamed.jpg\"><img decoding=\"async\" src=\"https:\/\/uniomusicalmuro.files.wordpress.com\/2014\/01\/unnamed.jpg?w=960&amp;h=263\" alt=\"unnamed\" class=\"wp-image-433\"\/><\/a><\/figure><\/div>\n\n\n<p>La restauraci\u00f3 de la fa\u0437ana ha suposat la recuperaci\u00f3 del color blau cel original de l\u2019edifici i el manteniment de la seua estructura; mentre que a la coberta s\u2019ha volgut fer pal\u00e9s la intervenci\u00f3 arquitect\u0442nica actual amb la incorporaci\u00f3 de materials, com el ferro i el cristall, propis dels nostres temps. Alhora, i d\u2019acord amb la normativa actual, s\u2019ha aprofitat la coberta com una planta m\u00e9s. Per altre costat, amb la nova reestructuraci\u00f3 interior, s\u2019instal\u00b7laran en la primera planta els despatxos, l\u2019arxiu musical, una sala per a deixar els instruments i la sala d\u2019assaigs. Per\u00f2, per a aquesta darrera es plantej\u0430 tamb\u00e9 el seu condicionament, ja que l\u2019escenari era massa redu\u043ft per al n\u00famero de m\u00fasics amb qu\u00e9 compta la banda en l\u2019actualitat i les mateixes arquitectes, Silvana Jord\u00e0 i Marta Folch, realitzaren una \u201cmem\u00f2ria valorada\u201d presentada ja a la Conselleria de Cultura i Educaci\u00f3 amb un pressupost de 15 milions per a remodelar la sala d\u2019assaigs que contempla un aforament de 150 m\u00fasics, unes poques butaques per a oients i el recinte totalment insonoritzat. En la segona planta, hi haur\u0430 quatre aules amb una capacitat de dotze alumnes i quatre m\u00e9s petites amb portes corredores i en la tercera \u2013all\u00f2 que es denomina \u201cterrat\u201d- quatre aules m\u00e9s. En un futur es pret\u00e9n equipar totes les depend\u00e8ncies amb el mobiliari i accessoris adequats (cortinatges, faristols, megafonia, v\u00eddeos, etc) amb un pressupost de 40 milions m\u00e9s. Tamb\u00e9 es condicionar\u0430 el soterrani -que abans era la seu social de la fil\u0430 Contrabandistes, als quals se\u2019ls hagu\u00e9 d\u2019indemnitzar amb unes 300.000 pessetes perqu\u00e8 el desallotjaren- per tal d\u2019utilitzar-la com una esp\u00e8cie de bodegueta on els m\u00fasics podran reunir-se. El somni de gaudir d\u2019una seu social digna comen\u00e7\u00e0 a fer-se realitat\u2026<\/p>\n<\/div>\n<\/div>\n","protected":false},"excerpt":{"rendered":"<p>Seu Actual En 1974, en la primera quinzena de juny una representaci\u00f3 de cada una de&#8230;<\/p>\n","protected":false},"author":2,"featured_media":921,"parent":0,"menu_order":0,"comment_status":"closed","ping_status":"closed","template":"","meta":{"footnotes":""},"_links":{"self":[{"href":"https:\/\/uniomusicalmuro.org\/index.php?rest_route=\/wp\/v2\/pages\/671"}],"collection":[{"href":"https:\/\/uniomusicalmuro.org\/index.php?rest_route=\/wp\/v2\/pages"}],"about":[{"href":"https:\/\/uniomusicalmuro.org\/index.php?rest_route=\/wp\/v2\/types\/page"}],"author":[{"embeddable":true,"href":"https:\/\/uniomusicalmuro.org\/index.php?rest_route=\/wp\/v2\/users\/2"}],"replies":[{"embeddable":true,"href":"https:\/\/uniomusicalmuro.org\/index.php?rest_route=%2Fwp%2Fv2%2Fcomments&post=671"}],"version-history":[{"count":9,"href":"https:\/\/uniomusicalmuro.org\/index.php?rest_route=\/wp\/v2\/pages\/671\/revisions"}],"predecessor-version":[{"id":919,"href":"https:\/\/uniomusicalmuro.org\/index.php?rest_route=\/wp\/v2\/pages\/671\/revisions\/919"}],"wp:featuredmedia":[{"embeddable":true,"href":"https:\/\/uniomusicalmuro.org\/index.php?rest_route=\/wp\/v2\/media\/921"}],"wp:attachment":[{"href":"https:\/\/uniomusicalmuro.org\/index.php?rest_route=%2Fwp%2Fv2%2Fmedia&parent=671"}],"curies":[{"name":"wp","href":"https:\/\/api.w.org\/{rel}","templated":true}]}}