{"id":55,"date":"2023-12-30T21:09:16","date_gmt":"2023-12-30T20:09:16","guid":{"rendered":"https:\/\/uniomusicalmuro.org\/?page_id=55"},"modified":"2026-04-29T19:18:22","modified_gmt":"2026-04-29T17:18:22","slug":"unio-musical-de-muro","status":"publish","type":"page","link":"https:\/\/uniomusicalmuro.org\/","title":{"rendered":"ENTRA A LA WEB"},"content":{"rendered":"\n<div class=\"wp-block-cover alignfull wp-duotone-000000-rgb23116420-1\" style=\"margin-top:0;padding-top:48px;padding-right:48px;padding-bottom:48px;padding-left:48px;min-height:774px\"><span aria-hidden=\"true\" class=\"wp-block-cover__background has-background-dim-30 has-background-dim\"><\/span><img loading=\"lazy\" decoding=\"async\" width=\"2560\" height=\"1700\" class=\"wp-block-cover__image-background wp-image-857\" alt=\"\" src=\"https:\/\/uniomusicalmuro.org\/wp-content\/uploads\/2024\/08\/DSC_0399_1-scaled.jpg\" data-object-fit=\"cover\" srcset=\"https:\/\/uniomusicalmuro.org\/wp-content\/uploads\/2024\/08\/DSC_0399_1-scaled.jpg 2560w, https:\/\/uniomusicalmuro.org\/wp-content\/uploads\/2024\/08\/DSC_0399_1-scaled-600x398.jpg 600w, https:\/\/uniomusicalmuro.org\/wp-content\/uploads\/2024\/08\/DSC_0399_1-300x199.jpg 300w, https:\/\/uniomusicalmuro.org\/wp-content\/uploads\/2024\/08\/DSC_0399_1-1024x680.jpg 1024w, https:\/\/uniomusicalmuro.org\/wp-content\/uploads\/2024\/08\/DSC_0399_1-768x510.jpg 768w, https:\/\/uniomusicalmuro.org\/wp-content\/uploads\/2024\/08\/DSC_0399_1-1536x1020.jpg 1536w, https:\/\/uniomusicalmuro.org\/wp-content\/uploads\/2024\/08\/DSC_0399_1-2048x1360.jpg 2048w\" sizes=\"(max-width: 2560px) 100vw, 2560px\" \/><div class=\"wp-block-cover__inner-container is-layout-flow wp-block-cover-is-layout-flow\">\n<div class=\"wp-block-group alignwide is-layout-constrained wp-block-group-is-layout-constrained\"><div class=\"wp-block-group__inner-container\">\n<h2 class=\"wp-block-heading alignwide has-text-align-center has-white-color has-text-color has-x-large-font-size\" style=\"font-style:normal;font-weight:400;letter-spacing:0px;line-height:1;text-transform:uppercase\">UNI\u00d3 MUSICAL DE MURO<\/h2>\n<\/div><\/div>\n\n\n\n<div style=\"height:60px\" aria-hidden=\"true\" class=\"wp-block-spacer\"><\/div>\n\n\n\n<div class=\"wp-block-buttons is-horizontal is-content-justification-center is-layout-flex wp-container-core-buttons-layout-1 wp-block-buttons-is-layout-flex\">\n<div class=\"wp-block-button is-style-fill\"><a class=\"wp-block-button__link has-background has-text-align-center wp-element-button\" href=\"https:\/\/uniomusicalmuro.org\/?page_id=1159&amp;preview=true&amp;_thumbnail_id=1168\" style=\"background-color:#e8a515b0\" target=\"_blank\" rel=\"noreferrer noopener\"><strong>ajuda pla de recuperaci\u00f3, Transformaci\u00f3 i ressiliencia<\/strong><\/a><\/div>\n<\/div>\n\n\n\n<div style=\"height:31px\" aria-hidden=\"true\" class=\"wp-block-spacer\"><\/div>\n\n\n\n<div class=\"wp-block-buttons is-horizontal is-content-justification-center is-layout-flex wp-container-core-buttons-layout-2 wp-block-buttons-is-layout-flex\">\n<div class=\"wp-block-button is-style-fill\"><a class=\"wp-block-button__link has-background has-text-align-center wp-element-button\" href=\"https:\/\/uniomusicalmuro.org\/?page_id=206\" style=\"background-color:#e8a515b0\"><strong>ENTRA A LA WEB<\/strong><\/a><\/div>\n<\/div>\n\n\n\n<div style=\"height:26px\" aria-hidden=\"true\" class=\"wp-block-spacer\"><\/div>\n\n\n\n<div class=\"wp-block-buttons is-horizontal is-content-justification-center is-layout-flex wp-container-core-buttons-layout-3 wp-block-buttons-is-layout-flex\">\n<div class=\"wp-block-button is-style-fill\"><a class=\"wp-block-button__link has-background has-text-align-center wp-element-button\" href=\"https:\/\/uniomusicalmuro.org\/?page_id=1032\" style=\"background-color:#e8a515b0\"><strong>X CURS DE DIRECCI\u00d3 2025<\/strong><\/a><\/div>\n<\/div>\n\n\n\n<div style=\"height:26px\" aria-hidden=\"true\" class=\"wp-block-spacer\"><\/div>\n\n\n\n<div class=\"wp-block-buttons is-content-justification-center is-layout-flex wp-container-core-buttons-layout-4 wp-block-buttons-is-layout-flex\">\n<div class=\"wp-block-button\"><a class=\"wp-block-button__link has-background wp-element-button\" href=\"https:\/\/entrades.uniomusicalmuro.org\/\" style=\"background-color:#e8a515b0\"><strong>comprar entrades<\/strong><\/a><\/div>\n<\/div>\n\n\n\n<div style=\"height:23px\" aria-hidden=\"true\" class=\"wp-block-spacer\"><\/div>\n\n\n\n<div class=\"wp-block-buttons is-content-justification-center is-layout-flex wp-container-core-buttons-layout-5 wp-block-buttons-is-layout-flex\">\n<div class=\"wp-block-button\"><a class=\"wp-block-button__link has-background wp-element-button\" href=\"https:\/\/uniomusicalmuro.org\/descarregaCD\/\" style=\"background-color:#e8a515b0\"><strong>desc\u00e0rrega nou disc<\/strong><\/a><\/div>\n<\/div>\n\n\n\n<div style=\"height:13px\" aria-hidden=\"true\" class=\"wp-block-spacer\"><\/div>\n\n\n\n<div class=\"wp-block-buttons is-content-justification-center is-layout-flex wp-container-core-buttons-layout-6 wp-block-buttons-is-layout-flex\">\n<div class=\"wp-block-button\"><a class=\"wp-block-button__link has-background wp-element-button\" href=\"https:\/\/www.youtube.com\/@uniomusicaldemuro\" style=\"background-color:#e8a515b0\" target=\"_blank\" rel=\"noreferrer noopener\"><strong>canal youtube<\/strong><\/a><\/div>\n<\/div>\n<\/div><\/div>\n","protected":false},"excerpt":{"rendered":"UNI\u00d3 MUSICAL DE MURO ajuda pla de recuperaci\u00f3, Transformaci\u00f3 i ressiliencia ENTRA A LA WEB X...","protected":false},"author":2,"featured_media":838,"parent":0,"menu_order":0,"comment_status":"closed","ping_status":"closed","template":"..\/public\/views\/revslider-page-template.php","meta":{"footnotes":""},"_links":{"self":[{"href":"https:\/\/uniomusicalmuro.org\/index.php?rest_route=\/wp\/v2\/pages\/55"}],"collection":[{"href":"https:\/\/uniomusicalmuro.org\/index.php?rest_route=\/wp\/v2\/pages"}],"about":[{"href":"https:\/\/uniomusicalmuro.org\/index.php?rest_route=\/wp\/v2\/types\/page"}],"author":[{"embeddable":true,"href":"https:\/\/uniomusicalmuro.org\/index.php?rest_route=\/wp\/v2\/users\/2"}],"replies":[{"embeddable":true,"href":"https:\/\/uniomusicalmuro.org\/index.php?rest_route=%2Fwp%2Fv2%2Fcomments&post=55"}],"version-history":[{"count":60,"href":"https:\/\/uniomusicalmuro.org\/index.php?rest_route=\/wp\/v2\/pages\/55\/revisions"}],"predecessor-version":[{"id":1172,"href":"https:\/\/uniomusicalmuro.org\/index.php?rest_route=\/wp\/v2\/pages\/55\/revisions\/1172"}],"wp:featuredmedia":[{"embeddable":true,"href":"https:\/\/uniomusicalmuro.org\/index.php?rest_route=\/wp\/v2\/media\/838"}],"wp:attachment":[{"href":"https:\/\/uniomusicalmuro.org\/index.php?rest_route=%2Fwp%2Fv2%2Fmedia&parent=55"}],"curies":[{"name":"wp","href":"https:\/\/api.w.org\/{rel}","templated":true}]}}