{"id":206,"date":"2023-12-31T13:42:44","date_gmt":"2023-12-31T12:42:44","guid":{"rendered":"https:\/\/uniomusicalmuro.org\/?page_id=206"},"modified":"2026-01-03T23:37:34","modified_gmt":"2026-01-03T22:37:34","slug":"unio-musical-de-muro-2","status":"publish","type":"page","link":"https:\/\/uniomusicalmuro.org\/?page_id=206","title":{"rendered":"UNI\u00d3 MUSICAL DE MURO"},"content":{"rendered":"\n<div style=\"height:62px\" aria-hidden=\"true\" class=\"wp-block-spacer\"><\/div>\n\n\n\n<div class=\"wp-block-columns alignfull is-layout-flex wp-container-core-columns-layout-1 wp-block-columns-is-layout-flex\">\n<div class=\"wp-block-column is-vertically-aligned-stretch is-layout-flow wp-block-column-is-layout-flow\">\n<figure class=\"wp-block-image size-full\"><img loading=\"lazy\" decoding=\"async\" width=\"2560\" height=\"1700\" src=\"https:\/\/uniomusicalmuro.org\/wp-content\/uploads\/2024\/08\/DSC_0399_1-scaled.jpg\" alt=\"\" class=\"wp-image-857\" srcset=\"https:\/\/uniomusicalmuro.org\/wp-content\/uploads\/2024\/08\/DSC_0399_1-scaled.jpg 2560w, https:\/\/uniomusicalmuro.org\/wp-content\/uploads\/2024\/08\/DSC_0399_1-scaled-600x398.jpg 600w, https:\/\/uniomusicalmuro.org\/wp-content\/uploads\/2024\/08\/DSC_0399_1-300x199.jpg 300w, https:\/\/uniomusicalmuro.org\/wp-content\/uploads\/2024\/08\/DSC_0399_1-1024x680.jpg 1024w, https:\/\/uniomusicalmuro.org\/wp-content\/uploads\/2024\/08\/DSC_0399_1-768x510.jpg 768w, https:\/\/uniomusicalmuro.org\/wp-content\/uploads\/2024\/08\/DSC_0399_1-1536x1020.jpg 1536w, https:\/\/uniomusicalmuro.org\/wp-content\/uploads\/2024\/08\/DSC_0399_1-2048x1360.jpg 2048w\" sizes=\"(max-width: 2560px) 100vw, 2560px\" \/><\/figure>\n<\/div>\n\n\n\n<div class=\"wp-block-column is-layout-flow wp-block-column-is-layout-flow\">\n<h2 class=\"wp-block-heading\">UNI\u00d3 MUSICAL DE MURO<\/h2>\n\n\n\n<p>La m\u00fasica de banda a Muro arrenca l&#8217;any 1801 quan un grup de m\u00fasics de paisans va ser contractat per tocar a les festes d&#8217;Albaida. L&#8217;any 1805 se signa davant de notari un conveni on els m\u00fasics i el director establien unes cl\u00e0usules de funcionament, document que podem considerar com el contracte fundacional de la posterior Corporaci\u00f3 Musical Primitiva.<\/p>\n\n\n\n<p>A principis de la d\u00e8cada dels vuitanta del segle XIX es va fundar una altra formaci\u00f3 anomenada M\u00fasica Nova. Al segle XX, Muro comptava amb dues bandes La primitiva sota la direcci\u00f3 de Rafael Esteve Nicolau i la Nova de Remigio Gonz\u00e1lbez Solbes. Anys despr\u00e9s hi haur\u00e0 un canvi en la direcci\u00f3 de les dues bandes fent-se c\u00e0rrec Jos\u00e9 Esteve Nicolau i Juan Jover Segura, respectivament. El 1932 es va produir una divisi\u00f3 a la M\u00fasica Nova per motius pol\u00edtics propis de la II Rep\u00fablica i es va formar una tercera, la M\u00fasica del Patronat dirigida per Salvador Tormo Vallcanera. El 1935 les tres bandes es van fusionar per constituir l&#8217;actual Uni\u00f3 Musical de Muro sota la direcci\u00f3 de Jos\u00e9 Esteve Nicolau.<\/p>\n\n\n\n<hr class=\"wp-block-separator has-alpha-channel-opacity\"\/>\n\n\n\n<p class=\"has-medium-font-size\"><a href=\"https:\/\/uniomusicalmuro.org\/qui-som\/\">LLEGUIR M\u00c9S<\/a><\/p>\n<\/div>\n<\/div>\n\n\n\n<div style=\"height:62px\" aria-hidden=\"true\" class=\"wp-block-spacer\"><\/div>\n\n\n\n<div class=\"wp-block-columns alignfull has-hot-color-color has-text-color has-background has-link-color wp-elements-b5b14ffb269012780a3f1269cb371a18 is-layout-flex wp-container-core-columns-layout-2 wp-block-columns-is-layout-flex\" style=\"background-color:#d3802f\">\n<div class=\"wp-block-column is-vertically-aligned-center is-layout-flow wp-block-column-is-layout-flow\">\n<figure class=\"wp-block-embed is-type-video is-provider-youtube wp-block-embed-youtube wp-embed-aspect-16-9 wp-has-aspect-ratio\"><div class=\"wp-block-embed__wrapper\">\n<iframe loading=\"lazy\" title=\"PALLA I GARROFES - I.Tiror\u00ed a Melcior - Jos\u00e9 Rafael Pascual Vilaplana | Uni\u00f3 musical de Muro\" width=\"1170\" height=\"658\" src=\"https:\/\/www.youtube.com\/embed\/J8hkADBK81c?feature=oembed\" frameborder=\"0\" allow=\"accelerometer; autoplay; clipboard-write; encrypted-media; gyroscope; picture-in-picture; web-share\" referrerpolicy=\"strict-origin-when-cross-origin\" allowfullscreen><\/iframe>\n<\/div><\/figure>\n<\/div>\n\n\n\n<div class=\"wp-block-column is-vertically-aligned-center is-layout-flow wp-block-column-is-layout-flow\">\n<figure class=\"wp-block-embed is-type-video is-provider-youtube wp-block-embed-youtube wp-embed-aspect-16-9 wp-has-aspect-ratio\"><div class=\"wp-block-embed__wrapper\">\n<iframe loading=\"lazy\" title=\"Suite for solo drum set and concert band - D. Mancini  | Uni\u00f3 musical de Muro\" width=\"1170\" height=\"658\" src=\"https:\/\/www.youtube.com\/embed\/oBNRERfSJfc?feature=oembed\" frameborder=\"0\" allow=\"accelerometer; autoplay; clipboard-write; encrypted-media; gyroscope; picture-in-picture; web-share\" referrerpolicy=\"strict-origin-when-cross-origin\" allowfullscreen><\/iframe>\n<\/div><\/figure>\n<\/div>\n\n\n\n<div class=\"wp-block-column is-vertically-aligned-center is-layout-flow wp-block-column-is-layout-flow\">\n<figure class=\"wp-block-embed is-type-video is-provider-youtube wp-block-embed-youtube wp-embed-aspect-16-9 wp-has-aspect-ratio\"><div class=\"wp-block-embed__wrapper\">\n<iframe loading=\"lazy\" title=\"Blue Shades - Frank Ticheli  | Uni\u00f3 musical de Muro\" width=\"1170\" height=\"658\" src=\"https:\/\/www.youtube.com\/embed\/Qbxu1EDLTyw?feature=oembed\" frameborder=\"0\" allow=\"accelerometer; autoplay; clipboard-write; encrypted-media; gyroscope; picture-in-picture; web-share\" referrerpolicy=\"strict-origin-when-cross-origin\" allowfullscreen><\/iframe>\n<\/div><\/figure>\n<\/div>\n<\/div>\n\n\n\n<div style=\"height:62px\" aria-hidden=\"true\" class=\"wp-block-spacer\"><\/div>\n\n\n\n<div class=\"wp-block-cover alignfull has-parallax wp-duotone-rgb000-rgb21112847-1\" style=\"min-height:336px\"><span aria-hidden=\"true\" class=\"wp-block-cover__background has-background-dim\" style=\"background-color:#d3802f\"><\/span><div role=\"img\" class=\"wp-block-cover__image-background wp-image-815 has-parallax\" style=\"background-position:50% 50%;background-image:url(https:\/\/uniomusicalmuro.org\/wp-content\/uploads\/2024\/07\/2.jpg)\"><\/div><div class=\"wp-block-cover__inner-container is-layout-constrained wp-block-cover-is-layout-constrained\">\n<p class=\"has-text-align-center has-text-color has-link-color wp-elements-ea2e7bc514cf884520890076fdee47ac\" style=\"color:#ffffff;font-size:24px\">&#8220;Per a mi sols hi ha dos tipus de m\u00fasica, la ben feta i la mal feta\u201d<\/p>\n\n\n\n<p class=\"has-text-align-center has-text-color has-link-color wp-elements-7dea378499f8aebe9cb2208bc17fa54b\" style=\"color:#ffffff;font-size:24px\">JOAN IBORRA<br><\/p>\n<\/div><\/div>\n\n\n\n<div style=\"height:62px\" aria-hidden=\"true\" class=\"wp-block-spacer\"><\/div>\n\n\n\n<div class=\"wp-block-columns alignwide is-layout-flex wp-container-core-columns-layout-3 wp-block-columns-is-layout-flex\">\n<div class=\"wp-block-column is-layout-flow wp-block-column-is-layout-flow\">\n<div class=\"wp-block-cover is-light wp-duotone-rgb000-rgb21112847-2\" style=\"min-height:357px\"><span aria-hidden=\"true\" class=\"wp-block-cover__background has-background-dim\" style=\"background-color:#d3802f\"><\/span><img loading=\"lazy\" decoding=\"async\" width=\"644\" height=\"450\" class=\"wp-block-cover__image-background wp-image-612\" alt=\"\" src=\"https:\/\/uniomusicalmuro.org\/wp-content\/uploads\/2024\/01\/hort-dambrosio-1949.png\" data-object-fit=\"cover\" srcset=\"https:\/\/uniomusicalmuro.org\/wp-content\/uploads\/2024\/01\/hort-dambrosio-1949.png 644w, https:\/\/uniomusicalmuro.org\/wp-content\/uploads\/2024\/01\/hort-dambrosio-1949-600x419.png 600w, https:\/\/uniomusicalmuro.org\/wp-content\/uploads\/2024\/01\/hort-dambrosio-1949-300x210.png 300w\" sizes=\"(max-width: 644px) 100vw, 644px\" \/><div class=\"wp-block-cover__inner-container is-layout-flow wp-block-cover-is-layout-flow\">\n<p class=\"has-text-align-center has-text-color has-link-color has-large-font-size wp-elements-d36cd3c7e342f1b8665ca6adf2b3e7e6\" style=\"color:#ffffff\"><strong><a href=\"https:\/\/uniomusicalmuro.org\/?page_id=65\">HIST\u00d2RIA<\/a><\/strong><\/p>\n<\/div><\/div>\n<\/div>\n\n\n\n<div class=\"wp-block-column is-layout-flow wp-block-column-is-layout-flow\">\n<div class=\"wp-block-cover is-light wp-duotone-rgb000-rgb21112847-3\" style=\"min-height:354px\"><span aria-hidden=\"true\" class=\"wp-block-cover__background has-background-dim\" style=\"background-color:#d3802f\"><\/span><img decoding=\"async\" class=\"wp-block-cover__image-background wp-image-537\" alt=\"\" src=\"https:\/\/uniomusicalmuro.org\/wp-content\/uploads\/2024\/01\/entrades-scaled.jpg\" data-object-fit=\"cover\"\/><div class=\"wp-block-cover__inner-container is-layout-constrained wp-block-cover-is-layout-constrained\">\n<p class=\"has-text-align-center has-text-color has-link-color has-large-font-size wp-elements-4ff99224a5d24073ae7799605d93a1a9\" style=\"color:#fffefe\"><strong><a href=\"https:\/\/entrades.uniomusicalmuro.org\" target=\"_blank\" rel=\"noreferrer noopener\">ENTRADES<\/a><\/strong><\/p>\n<\/div><\/div>\n<\/div>\n\n\n\n<div class=\"wp-block-column is-layout-flow wp-block-column-is-layout-flow\">\n<div class=\"wp-block-cover is-light wp-duotone-rgb000-rgb21112847-4\" style=\"min-height:352px\"><span aria-hidden=\"true\" class=\"wp-block-cover__background has-background-dim\" style=\"background-color:#d3802f\"><\/span><img loading=\"lazy\" decoding=\"async\" width=\"2560\" height=\"1828\" class=\"wp-block-cover__image-background wp-image-841\" alt=\"\" src=\"https:\/\/uniomusicalmuro.org\/wp-content\/uploads\/2024\/07\/logo_rafael-scaled.jpg\" data-object-fit=\"cover\" srcset=\"https:\/\/uniomusicalmuro.org\/wp-content\/uploads\/2024\/07\/logo_rafael-scaled.jpg 2560w, https:\/\/uniomusicalmuro.org\/wp-content\/uploads\/2024\/07\/logo_rafael-scaled-600x428.jpg 600w, https:\/\/uniomusicalmuro.org\/wp-content\/uploads\/2024\/07\/logo_rafael-300x214.jpg 300w, https:\/\/uniomusicalmuro.org\/wp-content\/uploads\/2024\/07\/logo_rafael-1024x731.jpg 1024w, https:\/\/uniomusicalmuro.org\/wp-content\/uploads\/2024\/07\/logo_rafael-768x548.jpg 768w, https:\/\/uniomusicalmuro.org\/wp-content\/uploads\/2024\/07\/logo_rafael-1536x1097.jpg 1536w, https:\/\/uniomusicalmuro.org\/wp-content\/uploads\/2024\/07\/logo_rafael-2048x1463.jpg 2048w\" sizes=\"(max-width: 2560px) 100vw, 2560px\" \/><div class=\"wp-block-cover__inner-container is-layout-constrained wp-block-cover-is-layout-constrained\">\n<p class=\"has-text-align-center has-text-color has-link-color has-large-font-size wp-elements-c6065ef43e23f3ea23a9caa882daeb87\" style=\"color:#ffffff\"><strong><a href=\"https:\/\/uniomusicalmuro.org\/?page_id=934\">PROJECTES<\/a><\/strong><\/p>\n<\/div><\/div>\n<\/div>\n<\/div>\n\n\n\n<div style=\"height:62px\" aria-hidden=\"true\" class=\"wp-block-spacer\"><\/div>\n\n\n\n<div class=\"wp-block-cover alignfull has-parallax wp-duotone-rgb4600-d3802f-5\" style=\"margin-top:0;padding-top:48px;padding-right:48px;padding-bottom:48px;padding-left:48px;min-height:389px\"><span aria-hidden=\"true\" class=\"wp-block-cover__background has-background-dim-20 has-background-dim\" style=\"background-color:#d3802f\"><\/span><div role=\"img\" class=\"wp-block-cover__image-background wp-image-314 has-parallax\" style=\"background-position:50% 50%;background-image:url(https:\/\/uniomusicalmuro.org\/wp-content\/uploads\/2024\/01\/IMG_4354-copia-scaled.jpg)\"><\/div><div class=\"wp-block-cover__inner-container is-layout-flow wp-block-cover-is-layout-flow\">\n<div class=\"wp-block-group alignwide is-layout-constrained wp-block-group-is-layout-constrained\"><div class=\"wp-block-group__inner-container\">\n<p class=\"has-text-align-center\" style=\"font-size:24px\">\u201cL\u2019ess\u00e8ncia de la cultura ens demostra, dia a dia, amb el seu conreu, que som fills d\u2019un temps i d\u2019un lloc on hi hem de contribuir\u201d<\/p>\n\n\n\n<p class=\"has-text-align-center\" style=\"font-size:24px\">JOS\u00c9 R. PASCUAL-VILAPLANA<br><\/p>\n<\/div><\/div>\n<\/div><\/div>\n","protected":false},"excerpt":{"rendered":"<p>UNI\u00d3 MUSICAL DE MURO La m\u00fasica de banda a Muro arrenca l&#8217;any 1801 quan un grup&#8230;<\/p>\n","protected":false},"author":2,"featured_media":857,"parent":0,"menu_order":0,"comment_status":"closed","ping_status":"closed","template":"","meta":{"footnotes":""},"_links":{"self":[{"href":"https:\/\/uniomusicalmuro.org\/index.php?rest_route=\/wp\/v2\/pages\/206"}],"collection":[{"href":"https:\/\/uniomusicalmuro.org\/index.php?rest_route=\/wp\/v2\/pages"}],"about":[{"href":"https:\/\/uniomusicalmuro.org\/index.php?rest_route=\/wp\/v2\/types\/page"}],"author":[{"embeddable":true,"href":"https:\/\/uniomusicalmuro.org\/index.php?rest_route=\/wp\/v2\/users\/2"}],"replies":[{"embeddable":true,"href":"https:\/\/uniomusicalmuro.org\/index.php?rest_route=%2Fwp%2Fv2%2Fcomments&post=206"}],"version-history":[{"count":89,"href":"https:\/\/uniomusicalmuro.org\/index.php?rest_route=\/wp\/v2\/pages\/206\/revisions"}],"predecessor-version":[{"id":1155,"href":"https:\/\/uniomusicalmuro.org\/index.php?rest_route=\/wp\/v2\/pages\/206\/revisions\/1155"}],"wp:featuredmedia":[{"embeddable":true,"href":"https:\/\/uniomusicalmuro.org\/index.php?rest_route=\/wp\/v2\/media\/857"}],"wp:attachment":[{"href":"https:\/\/uniomusicalmuro.org\/index.php?rest_route=%2Fwp%2Fv2%2Fmedia&parent=206"}],"curies":[{"name":"wp","href":"https:\/\/api.w.org\/{rel}","templated":true}]}}