{"id":1174,"date":"2026-04-29T19:33:45","date_gmt":"2026-04-29T17:33:45","guid":{"rendered":"https:\/\/uniomusicalmuro.org\/?page_id=1174"},"modified":"2026-04-29T19:33:45","modified_gmt":"2026-04-29T17:33:45","slug":"ajudes","status":"publish","type":"page","link":"https:\/\/uniomusicalmuro.org\/?page_id=1174","title":{"rendered":"AJUDES"},"content":{"rendered":"\n<p><a href=\"https:\/\/uniomusicalmuro.org\/?page_id=1159&amp;_thumbnail_id=1168\">AJUDA PLA RECUPERACI\u00d3 TRASNFORMACI\u00d3 I RESSILI\u00c8NCIA<\/a><\/p>\n","protected":false},"excerpt":{"rendered":"<p>AJUDA PLA RECUPERACI\u00d3 TRASNFORMACI\u00d3 I RESSILI\u00c8NCIA<\/p>\n","protected":false},"author":2,"featured_media":1168,"parent":0,"menu_order":0,"comment_status":"closed","ping_status":"closed","template":"","meta":{"footnotes":""},"_links":{"self":[{"href":"https:\/\/uniomusicalmuro.org\/index.php?rest_route=\/wp\/v2\/pages\/1174"}],"collection":[{"href":"https:\/\/uniomusicalmuro.org\/index.php?rest_route=\/wp\/v2\/pages"}],"about":[{"href":"https:\/\/uniomusicalmuro.org\/index.php?rest_route=\/wp\/v2\/types\/page"}],"author":[{"embeddable":true,"href":"https:\/\/uniomusicalmuro.org\/index.php?rest_route=\/wp\/v2\/users\/2"}],"replies":[{"embeddable":true,"href":"https:\/\/uniomusicalmuro.org\/index.php?rest_route=%2Fwp%2Fv2%2Fcomments&post=1174"}],"version-history":[{"count":3,"href":"https:\/\/uniomusicalmuro.org\/index.php?rest_route=\/wp\/v2\/pages\/1174\/revisions"}],"predecessor-version":[{"id":1177,"href":"https:\/\/uniomusicalmuro.org\/index.php?rest_route=\/wp\/v2\/pages\/1174\/revisions\/1177"}],"wp:featuredmedia":[{"embeddable":true,"href":"https:\/\/uniomusicalmuro.org\/index.php?rest_route=\/wp\/v2\/media\/1168"}],"wp:attachment":[{"href":"https:\/\/uniomusicalmuro.org\/index.php?rest_route=%2Fwp%2Fv2%2Fmedia&parent=1174"}],"curies":[{"name":"wp","href":"https:\/\/api.w.org\/{rel}","templated":true}]}}