{"id":1032,"date":"2025-04-05T11:57:26","date_gmt":"2025-04-05T09:57:26","guid":{"rendered":"https:\/\/uniomusicalmuro.org\/?page_id=1032"},"modified":"2025-06-29T00:51:24","modified_gmt":"2025-06-28T22:51:24","slug":"x-curs-de-direccio-2025","status":"publish","type":"page","link":"https:\/\/uniomusicalmuro.org\/?page_id=1032","title":{"rendered":"X CURS DE DIRECCI\u00d3 2025"},"content":{"rendered":"\n<h1 class=\"wp-block-heading\"><strong>DEL 16 AL 19 DE JULIOL DE 2025<\/strong><\/h1>\n\n\n\n<h2 class=\"wp-block-heading\">PROFESSOR<\/h2>\n\n\n\n<div class=\"wp-block-media-text is-stacked-on-mobile is-vertically-aligned-top\"><figure class=\"wp-block-media-text__media\"><img loading=\"lazy\" decoding=\"async\" width=\"1024\" height=\"787\" src=\"https:\/\/uniomusicalmuro.org\/wp-content\/uploads\/2024\/07\/Pascual-Vilaplana-2-jpg-1024x787.jpg\" alt=\"\" class=\"wp-image-799 size-full\" srcset=\"https:\/\/uniomusicalmuro.org\/wp-content\/uploads\/2024\/07\/Pascual-Vilaplana-2-jpg-1024x787.jpg 1024w, https:\/\/uniomusicalmuro.org\/wp-content\/uploads\/2024\/07\/Pascual-Vilaplana-2-jpg-600x461.jpg 600w, https:\/\/uniomusicalmuro.org\/wp-content\/uploads\/2024\/07\/Pascual-Vilaplana-2-jpg-300x230.jpg 300w, https:\/\/uniomusicalmuro.org\/wp-content\/uploads\/2024\/07\/Pascual-Vilaplana-2-jpg-768x590.jpg 768w, https:\/\/uniomusicalmuro.org\/wp-content\/uploads\/2024\/07\/Pascual-Vilaplana-2-jpg.jpg 1065w\" sizes=\"(max-width: 1024px) 100vw, 1024px\" \/><\/figure><div class=\"wp-block-media-text__content\">\n<p style=\"font-size:24px\"><strong>JOS\u00c9 RAFAEL PASCUAL-VILAPLANA<\/strong><\/p>\n\n\n\n<p>Estudia Piano i Bombard\u00ed a la Banda de Muro i als Conservatoris d\u2019Alcoi i de Val\u00e8ncia. Estudia Direcci\u00f3 de Banda a Holanda amb Jan Cober i amb Eugene Corporon. Estudia Direcci\u00f3 d\u2019Orquestra a Viena amb Karl \u00d6sterreicher, Yuji Yuhasa i Hans Graf. Estudia Harmonia i Composici\u00f3 amb R. Alcaraz i J. Darias.<\/p>\n\n\n\n<p>Ha dirigit diferents Bandes i Orquestres a Alemanya, Argentina, B\u00e9lgica, Col\u00f2mbia, Cuba, Eslov\u00e8nia, Espanya, Fran\u00e7a, Holanda, It\u00e0lia, Portugal, Romania, Su\u00efssa, Uruguay i USA. Entre elles les Bandes Nacionals Juvenils d\u2019Holanda i Col\u00f2mbia, la SAF Army Band d\u2019Eslov\u00e8nia, les Bandes Municipals de Buenos Aires i Montevideo, l\u2019Orchestra Accademia del Teatro La Fenice de Ven\u00e8cia, la WASBE Youth Wind Band a San Jos\u00e9 (Calif\u00f2rnia),  la AULOS Blasorchester<\/p>\n<\/div><\/div>\n\n\n\n<p> de Su\u00efssa, les Orquestres Simf\u00f2niques de Bilbao, Albacete i M\u00farcia, l\u2019O.F. de Les Palmes de Gran Can\u00e0ria, l\u2019O.S. de Castella \u2013 Lle\u00f3, les bandes municipals d\u2019A Coru\u00f1a, Alacant, Barcelona, Bilbao, Madrid, Palma de Mallorca, Santa Cruz de Tenerife, Santander, Santiago de Compostela, Val\u00e8ncia, Vit\u00f2ria, les bandes dels conservatoris superiors d\u2019Oviedo, Granada, Ja\u00e9n, Can\u00e0ries i MUSIKENE (Pa\u00eds Basc), la Gran Canaria Wind Orchestra o la Banda Simf\u00f2nica de La Rioja, entre d\u2019altres. Ha estat director titular de les bandes UM de Castell de Castells, UM de Y\u00e1tova, AUM de Bocairent, AAM \u201cEl Trabajo\u201d de Xixona, la UM de Muro i la SM \u201cLa Nova\u201d de X\u00e0tiva, a m\u00e9s del Grup de Dol\u00e7ainers \u201cLa Xafig\u00e0\u201d de Muro. Ha colaborat amb solistes com Paquito de Rivera, Sergei Nakariakov, Asier Polo, Pacho Flores, Albert Guinovart, Sergio Carolino, Elisabete Matos o Estrella Morente, entre d\u2019altres\u2026. <\/p>\n\n\n\n<p>Des de 2015 \u00e9s director titular de la Banda Municipal de Bilbao i des de 2018, comparteix titularitat amb la Banda Municipal de Barcelona. \u00c9s principal director convidat de la Banda Simf\u00f2nica Portuguesa d\u2019Oporto des de 2012.<\/p>\n\n\n\n<p>\u00c9s compositor d\u2019un nodrid cat\u00e0leg d\u2019obres per a banda, cor, dol\u00e7aina, m\u00fasica esc\u00e8nica i m\u00fasica de cambra.<\/p>\n\n\n\n<p>\u00c9s guanyador dels concursos internacionals de Direcci\u00f3 del WMC Kerkrade (Holanda, 1997) i de la EBBA (Birmingham, 2000). En 2004 \u00e9s guardonat amb el Premi EUTERPE de la Federaci\u00f3 de S.M. de la Comunitat Valenciana en les categories de Direcci\u00f3 de Banda i de Composici\u00f3 de M\u00fasica per a la Festa. En 2010 reb el Premi Nacional de M\u00fasica \u201cIgnacio Morales Nieva\u201d del Festival de M\u00fasica de Castella La Manxa. En 2020 rep el Premi MAITENA de la Sociedad Coral de Bilbao per la seua traject\u00f2ria art\u00edstica.<\/p>\n\n\n\n<p><a href=\"https:\/\/pascualvilaplana.com\/\">www.pascualvilaplana.<\/a><a href=\"https:\/\/pascualvilaplana.com\/\" target=\"_blank\" rel=\"noreferrer noopener\">com<\/a><\/p>\n\n\n\n<hr class=\"wp-block-separator alignwide has-alpha-channel-opacity is-style-wide\"\/>\n\n\n\n<h2 class=\"wp-block-heading\">DIRECTOR UNI\u00d3 MUSICAL DE MURO<\/h2>\n\n\n\n<div class=\"wp-block-media-text is-stacked-on-mobile is-vertically-aligned-top\" style=\"grid-template-columns:44% auto\"><figure class=\"wp-block-media-text__media\"><img loading=\"lazy\" decoding=\"async\" width=\"600\" height=\"900\" src=\"https:\/\/uniomusicalmuro.org\/wp-content\/uploads\/2024\/07\/manolo_mondejar_900x600.jpg\" alt=\"\" class=\"wp-image-792 size-full\" srcset=\"https:\/\/uniomusicalmuro.org\/wp-content\/uploads\/2024\/07\/manolo_mondejar_900x600.jpg 600w, https:\/\/uniomusicalmuro.org\/wp-content\/uploads\/2024\/07\/manolo_mondejar_900x600-200x300.jpg 200w\" sizes=\"(max-width: 600px) 100vw, 600px\" \/><\/figure><div class=\"wp-block-media-text__content\">\n<p style=\"font-size:24px\"><strong>MANUEL MOND\u00c9JAR CRIADO<\/strong><\/p>\n\n\n\n<p>Inicia els seus estudis musicals en el Conservatori \u201cRuperto Chap\u00ed\u201d i en la Banda Santa Cecilia d\u2019Elda.<\/p>\n\n\n\n<p>Va realitzar els estudis de direcci\u00f3 de banda a l\u2019escola de m\u00fasica de la Vall d\u2019Albaida amb Jos\u00e9 Rafael Pascual Vilaplana, Ram\u00f3n Garc\u00eda Soler i Jos\u00e9 Vicente Asensi, aix\u00ed com en el ISEB de Trento, obtenint l\u2019any 2008 el Diploma Superior de Direcci\u00f3, amb Jan Cober, Felix Hauswirth i Carlo Pirola.<\/p>\n\n\n\n<p>Assisteix a cursos de direcci\u00f3 amb Francisco Cabrelles, Juan Antonio Espinosa, Jes\u00fas L\u00f3pez Cobos, Enrique Garc\u00eda Asensio, Jan Van der Roost, Eugene Corporon, Alex Schilling i Douglas Bostock.<\/p>\n\n\n\n<p>En 2006 va guanyar l\u2019I Concurs de direcci\u00f3 Vila de Muro i a l\u2019estiu de 2009 va ser finalista en el concurs de direcci\u00f3 de banda Palerm Giannetti de La Toscana. Tamb\u00e9 en 2009 va ser guanyador de la Batuta d\u2019Or en el 11\u00e9 Concurs de Direcci\u00f3 del World Music Contest de Kerkrade.<\/p>\n\n\n\n<p>Entre altres, ha dirigit la Agrupaci\u00f3 Art\u00edsitico Musical \u201cEl Treball\u201d de Xixona, la Va unir Musical de Muro, Centre Artistic Cultural \u201cVerge de la Pau\u201d d\u2019Agost, Associaci\u00f3 Musical \u201cVerge del Remei\u201d de Petrer, Banda Municipal de Santiago de Compostel\u00b7la, Orquestra de vent Musik\u00e8 de B\u00e8rgam (It\u00e0lia), Rundfunk Blaserorchester de Leipzig (Alemanya) i Banda de la Real Marina Holandesa.<\/p>\n<\/div><\/div>\n\n\n\n<p>Com a professor de direcci\u00f3 ha impartit M\u00e0ster Class en el Conservatori Professional de M\u00fasica \u201cAna Mar\u00eda S\u00e1nchez\u201d d\u2019Elda i ha sigut convidat a clausurar el curs de direcci\u00f3 de banda organitzat per el \u201cCentre de Formaci\u00f3 Band\u00edstica\u201d de Brescia, i a dirigir la Orquestra de Sopros de la Escola Profissional de M\u00fasica de Viana do Castelo (Portugal). Ha sigut professor en el M\u00e0ster de Direcci\u00f3 d\u2019Orquestra de Vent en el Conservatori \u201cGiuseppe Verdi\u201d de Mil\u00e0 (It\u00e0lia). Ha participat com a jurat en el Certamen Internacional de Bandes \u201cVila d\u2019Altea\u201d. En l\u2019actualitat \u00e9s professor convidat a l\u2019Escola de Direcci\u00f3 de les Juventuts Musicals de la Vall d\u2019Albaida, a l\u2019escola de m\u00fasica de la AMCE Santa Cecilia d\u2019Elda i a l\u2019Aula de Direcci\u00f3 de la SUM de Crevillent.<\/p>\n\n\n\n<p>Ha sigut director titular de les bandes Societat \u201cNova Art\u00edstica\u201d d\u2019Anna, Cercle Musical \u201cPrimitiva\u201d d\u2019Albaida, \u201cSanta Cecilia\u201d de L\u2019Olleria, Uni\u00f3 Musical \u201cL\u2019Art\u00edstica\u201d de Novelda, de l\u2019Associaci\u00f3 M\u00fasic-Cultural Eldense \u201cSanta Cecilia\u201d d\u2019Elda, Societat Filharm\u00f2nica \u201cUni\u00f3 Musical\u201d d\u2019Agost i \u201cUni\u00f3 Musical\u201d de Crevillent. En l\u2019actualitat \u00e9s director titular de la Uni\u00f3 Musical de Muro.<\/p>\n\n\n\n<hr class=\"wp-block-separator alignwide has-alpha-channel-opacity is-style-wide\"\/>\n\n\n\n<h2 class=\"wp-block-heading\">CLASSES PR\u00c0CTIQUES<\/h2>\n\n\n\n<p style=\"font-size:26px\"><strong>UNI\u00d3 MUSICAL DE MURO<\/strong><\/p>\n\n\n\n<figure class=\"wp-block-image size-large\"><img loading=\"lazy\" decoding=\"async\" width=\"1024\" height=\"680\" src=\"https:\/\/uniomusicalmuro.org\/wp-content\/uploads\/2024\/08\/DSC_0399_1-1024x680.jpg\" alt=\"\" class=\"wp-image-857\" srcset=\"https:\/\/uniomusicalmuro.org\/wp-content\/uploads\/2024\/08\/DSC_0399_1-1024x680.jpg 1024w, https:\/\/uniomusicalmuro.org\/wp-content\/uploads\/2024\/08\/DSC_0399_1-scaled-600x398.jpg 600w, https:\/\/uniomusicalmuro.org\/wp-content\/uploads\/2024\/08\/DSC_0399_1-300x199.jpg 300w, https:\/\/uniomusicalmuro.org\/wp-content\/uploads\/2024\/08\/DSC_0399_1-768x510.jpg 768w, https:\/\/uniomusicalmuro.org\/wp-content\/uploads\/2024\/08\/DSC_0399_1-1536x1020.jpg 1536w, https:\/\/uniomusicalmuro.org\/wp-content\/uploads\/2024\/08\/DSC_0399_1-2048x1360.jpg 2048w\" sizes=\"(max-width: 1024px) 100vw, 1024px\" \/><\/figure>\n\n\n\n<hr class=\"wp-block-separator alignwide has-alpha-channel-opacity is-style-wide\"\/>\n\n\n\n<h2 class=\"wp-block-heading\">INSCRIPCIONS<\/h2>\n\n\n\n<div class=\"wp-block-columns is-layout-flex wp-container-core-columns-layout-1 wp-block-columns-is-layout-flex\">\n<div class=\"wp-block-column is-layout-flow wp-block-column-is-layout-flow\">\n<p class=\"has-text-align-center\" style=\"font-size:24px\"><strong>CLASSES TE\u00d2RIQUES<\/strong><\/p>\n\n\n\n<ul>\n<li>La figura del director d\u2019orquestra.<\/li>\n\n\n\n<li>Estudi de la t\u00e8cnica gestual de base. Pr\u00e0ctica d\u2019exercicis quiron\u00f2mics.<\/li>\n\n\n\n<li>An\u00e0lisi de partitures. L\u2019an\u00e0lisi com a origen de la interpretaci\u00f3.<\/li>\n\n\n\n<li>T\u00e8cnica d\u2019estudi d\u2019una partitura.<\/li>\n\n\n\n<li>Planificaci\u00f3 d\u2019un assaig.<\/li>\n\n\n\n<li>Afinaci\u00f3 i organologia.<\/li>\n\n\n\n<li>Programacions i repertoris de m\u00fasica de banda.<\/li>\n\n\n\n<li>Diferents instrumentacions i org\u00e0nics de banda.<\/li>\n\n\n\n<li>Xarrades-col\u00b7loqui amb alguns dels autors de les obres del curs.<\/li>\n<\/ul>\n<\/div>\n\n\n\n<div class=\"wp-block-column is-layout-flow wp-block-column-is-layout-flow\">\n<p class=\"has-text-align-center\" style=\"font-size:24px\"><strong>REPERTORI CLASSES PR\u00c0CTIQUES<\/strong><\/p>\n\n\n\n<ul>\n<li>Joan E. CANET <strong>Aquarel\u00b7la Alacantina<\/strong> (Omnes Band)<\/li>\n\n\n\n<li>Jos\u00e9 SU\u00d1ER ORIOLA &#8211; <strong>Images<\/strong> (Tot per l\u2019aire)<\/li>\n\n\n\n<li>Ricardo DORADO &#8211; <strong>Suite Alicantina<\/strong> (Instituto de Estudios Alicantinos)<\/li>\n\n\n\n<li>Pablo OLIVAS &#8211; <strong>Fantas\u00eda Lucentina<\/strong> (GTE M\u00fasica)<\/li>\n\n\n\n<li>Ferran CAMPOS &#8211; <strong>Milotxes<\/strong> (GTE M\u00fasica)<\/li>\n<\/ul>\n\n\n\n<p class=\"has-text-align-center\" style=\"font-size:24px\"><strong>QUOTES<\/strong><\/p>\n\n\n\n<p class=\"has-text-align-center\">Alumnes actius: <strong>350<\/strong> \u20ac<br>Alumnes oients: <strong>150<\/strong> \u20ac<\/p>\n<\/div>\n<\/div>\n\n\n\n<p class=\"has-text-align-center has-medium-font-size\"><strong>DATA L\u00cdMIT D&#8217;INSCRIPCI\u00d3 28 DE JUNY DE 2025<\/strong><\/p>\n\n\n\n<p class=\"has-text-align-center\"><strong>Cal adjuntar l&#8217;impr\u00e9s de l&#8217;ingr\u00e9s <\/strong>de la transfer\u00e8ncia a l&#8217;inscripci\u00f3 al curs que es far\u00e0 ompllint aquest q\u00fcestionari.<br>La quota de preinscripci\u00f3 s\u2019abonar\u00e0 mitjan\u00e7ant transfer\u00e8ncia banc\u00e0ria als <strong>C\/C CAJAMAR ES73 3058 2618 3927 2000 0657<\/strong><br>A l&#8217;impr\u00e9s de l&#8217;ingr\u00e9s de l&#8217;import del curs cal posar: <strong>nom complet de l\u2019alumne i tel\u00e8fon de l\u2019alumne<\/strong><\/p>\n\n\n\n<div class=\"wp-block-buttons is-content-justification-center is-layout-flex wp-container-core-buttons-layout-1 wp-block-buttons-is-layout-flex\">\n<div class=\"wp-block-button\"><a class=\"wp-block-button__link has-text-align-center wp-element-button\">formulari d&#8217;inscripci\u00f3 AL CURS DE DIRECCI\u00d3<\/a><\/div>\n<\/div>\n\n\n\n<hr class=\"wp-block-separator alignwide has-alpha-channel-opacity is-style-wide\"\/>\n\n\n\n<h2 class=\"wp-block-heading\">CONDICONS DEL CURS<\/h2>\n\n\n\n<div class=\"wp-block-columns is-layout-flex wp-container-core-columns-layout-2 wp-block-columns-is-layout-flex\">\n<div class=\"wp-block-column is-layout-flow wp-block-column-is-layout-flow\">\n<p class=\"has-text-align-center\" style=\"font-size:24px\"><strong>MATR\u00cdCULA<\/strong><\/p>\n\n\n\n<ul>\n<li>Es realitzar\u00e0 mitjan\u00e7ant la web omplint el formulari d&#8217;inscripci\u00f3 al curs de direcci\u00f3 el butllet\u00ed d\u2019inscripci\u00f3 i enviant-lo amb el rebut de l\u2019ingr\u00e9s bancari<br>abans de la data l\u00edmit indicada.<\/li>\n\n\n\n<li>S\u2019adjuntar\u00e0 un curriculum vitae de l\u2019alumne.<\/li>\n\n\n\n<li>El professor del curs treballar\u00e0 en les classes pr\u00e0ctiques amb un m\u00e0xim de <strong>10 alumnes actius,<\/strong> sense estar limitat el nombre d\u2019alumnes oients.<\/li>\n<\/ul>\n<\/div>\n\n\n\n<div class=\"wp-block-column is-layout-flow wp-block-column-is-layout-flow\">\n<p class=\"has-text-align-center\" style=\"font-size:24px\"><strong>ALUMNES OIENTS<\/strong><\/p>\n\n\n\n<ul>\n<li>Els alumnes que s\u2019inscriguen com a oients ingressaran la quota d\u2019inscripci\u00f3 \u00edntegra en el termini l\u00edmit d\u2019inscripci\u00f3 indicat (<strong>28 de juny de 2025<\/strong>)<\/li>\n<\/ul>\n<\/div>\n\n\n\n<div class=\"wp-block-column is-layout-flow wp-block-column-is-layout-flow\">\n<p class=\"has-text-align-center\" style=\"font-size:24px\"><strong>ALUMNES ACTIUS<\/strong><\/p>\n\n\n\n<ul>\n<li>Per a la seua selecci\u00f3 es consideraran l\u2019ordre d\u2019inscripci\u00f3 i l\u2019experi\u00e8ncia acreditada.<\/li>\n\n\n\n<li>Realitzaran una preinscripci\u00f3 mitjan\u00e7ant l\u2019ingr\u00e9s en el compte indicat de <strong>50 euros <\/strong>abans del termini l\u00edmit d\u2019inscripci\u00f3 (<strong>28 de JUNY de 2025<\/strong>) i hauran d\u2019abonar la totalitat de la quota d\u2019inscripci\u00f3 una vegada admesos i abans de l\u2019inici del curs.<\/li>\n\n\n\n<li>Des de l\u2019organitzaci\u00f3 s\u2019indicar\u00e0 a cada un dels preinscrits, amb anterioritat a l\u2019inici del curs, si el total d\u2019inscrits \u00e9s superior o no al m\u00e0xim adm\u00e9s, i per tant si hi haur\u00e0 selecci\u00f3 d\u2019admesos com a alumnes actius.<\/li>\n\n\n\n<li>Han de con\u00e9ixer com a m\u00ednim un 80% del repertori del curs i d\u2019aquest hauran de dirigir en les pr\u00e0ctiques les obres que el mestre sol\u00b7licite.<\/li>\n\n\n\n<li>Podran ser escollits per dirigir el Concert de Cloenda.<\/li>\n<\/ul>\n<\/div>\n\n\n\n<div class=\"wp-block-column is-layout-flow wp-block-column-is-layout-flow\">\n<p class=\"has-text-align-center\" style=\"font-size:24px\"><strong>GENERAL<\/strong><\/p>\n\n\n\n<ul>\n<li>En cas de desistiment aquest ingr\u00e9s de preinscripci\u00f3 no ser\u00e0 tornat, llevat que la ra\u00f3 siga la no-admissi\u00f3 com a actiu.<\/li>\n\n\n\n<li>Al final del curs s\u2019entregaran els certificats d\u2019aquest als alumnes que hagen assistit a un 80% de les classes.<\/li>\n\n\n\n<li>L\u2019organitzaci\u00f3 es reserva el dret de modificar per causa major alguna d\u2019aquestes bases.<\/li>\n\n\n\n<li>Tot alumne matriculat accepta aquestes condicions.<\/li>\n\n\n\n<li>L\u2019organitzaci\u00f3 del curs no proporcionar\u00e1 les partitures del repertorio a treballar.<\/li>\n<\/ul>\n<\/div>\n<\/div>\n\n\n\n<p style=\"font-size:24px\"><strong>HORARI<\/strong><\/p>\n\n\n\n<p>Les <strong>classes te\u00f2riques<\/strong> es desenvoluparan en la <strong>seu de la Uni\u00f3 Musical de Muro<\/strong> al Carrer Carme 2.<br>Les <strong>classes pr\u00e0ctiques, xerrades\/confer\u00e8ncies i el Concert de Cloenda al Centre Cultural de la Vila de Muro<\/strong> al Carrer Sant Antoni 11<\/p>\n\n\n\n<figure class=\"wp-block-table is-style-regular\"><table class=\"has-fixed-layout\"><thead><tr><th>DIMECRES 16 JULIOL<\/th><th>DIJOUS 17 DE JULIOL<\/th><th>DIVENDRES 18 DEJULIOL<\/th><th>DISSABTE 19 DE JULIOL<\/th><\/tr><\/thead><tbody><tr><td>&#8211; 16.00 h. Presentaci\u00f3 del curs<br>&#8211; 16.30 a 18.00 h. Classe Te\u00f2rica amb <strong>Jos\u00e9 Rafael Pascual-Vilaplana<\/strong><br>&#8211; 18.00 a 18.30 h. Pausa<br>&#8211; 18.30 a 20.00 h. Classe Te\u00f2rica amb <strong>Jos\u00e9 Rafael Pascual-Vilaplana<\/strong><br>&#8211; 20.00 a 20.30 h. Pausa<br>&#8211; 20.30 a 22.30 h. Classe Pr\u00e0ctica amb <strong>Jos\u00e9 Rafael Pascual-Vilaplana<\/strong> i la <strong>Uni\u00f3 Musical de Muro<\/strong><\/td><td>&#8211; 16.30 a 18.00 h. Classe Te\u00f2rica amb <strong>Jos\u00e9 Rafael Pascual-Vilaplana<\/strong><br>&#8211; 18.00 a 18.30 h. Pausa<br>&#8211; 18.30 a 20.00 h. <strong><strong>Confer\u00e8ncia\/Xerrada<\/strong> de Empar Climent Sanjuan<\/strong> <strong>\u201cClaus per a la Direcci\u00f3 de persones i projectes\u201d<\/strong><br>&#8211; 20.00 a 20.30 h. Pausa<br>&#8211; 20.30 a 22.30 h. Classe Pr\u00e0ctica  amb <strong>Jos\u00e9 Rafael Pascual-Vilaplana<\/strong> i la <strong>Uni\u00f3 Musical de Muro<\/strong><\/td><td>&#8211; 10.00 a 11.30 h. Classe Te\u00f2rica amb <strong>Jos\u00e9 Rafael Pascual-Vilaplana<\/strong><br>&#8211; 11.30 a 12.00 h. Pausa<br>&#8211; 12.00 a 13.30 h. <strong><strong>Confer\u00e8ncia\/Xerrada<\/strong> Pablo Olivas, Ferran Campos i GTE Musica<\/strong><br>&#8211; 16.00 a 17.30 h. Classe Te\u00f2rica amb <strong>Jos\u00e9 Rafael Pascual-Vilaplana<\/strong><br>&#8211; 17.30 a 18.00 h. Pausa<br>&#8211; 18.00 a 19.00 h. Classe Te\u00f2rica amb <strong>Jos\u00e9 Rafael Pascual-Vilaplana<\/strong><br>&#8211; 19.30 h. a 21 h. <strong>Confer\u00e8ncia\/Xerrada oberta de Jose Su\u00f1er i Tot per l&#8217;Aire<\/strong><br>&#8211; 22.00 a 0.00 h. Classe Pr\u00e0ctica amb <strong>Jos\u00e9 Rafael Pascual-Vilaplana<\/strong> y la Uni\u00f3 Musical de Muro<\/td><td>&#8211; 10.00 a 11.30 h. Classe Te\u00f2rica amb <strong>Jos\u00e9 Rafael Pascual-Vilaplana<\/strong><br>&#8211; 11.30 a 12.00 h. Pausa<br>&#8211; 12.00 a 13.30 h. <strong><strong>Confer\u00e8ncia\/Xerrada<\/strong> oberta de Jos\u00e9 Rafael Pascual-Vilaplana: \u201cLes bandes de m\u00fasica: la cultura musical en la di\u00e0spora<\/strong><br>&#8211; 17.30 a 18.30 h. Prova Ac\u00fastica<br>&#8211; 19.30 h. <strong>CONCERT DE CLOENDA<\/strong><\/td><\/tr><\/tbody><\/table><\/figure>\n\n\n\n<hr class=\"wp-block-separator alignwide has-alpha-channel-opacity is-style-wide\"\/>\n\n\n\n<h2 class=\"wp-block-heading\">ORGANITZA<\/h2>\n\n\n\n<div class=\"wp-block-columns is-layout-flex wp-container-core-columns-layout-3 wp-block-columns-is-layout-flex\">\n<div class=\"wp-block-column is-layout-flow wp-block-column-is-layout-flow\">\n<figure class=\"wp-block-image size-full\"><img loading=\"lazy\" decoding=\"async\" width=\"848\" height=\"712\" src=\"https:\/\/uniomusicalmuro.org\/wp-content\/uploads\/2025\/04\/logo_bumm-.jpg\" alt=\"\" class=\"wp-image-1123\" srcset=\"https:\/\/uniomusicalmuro.org\/wp-content\/uploads\/2025\/04\/logo_bumm-.jpg 848w, https:\/\/uniomusicalmuro.org\/wp-content\/uploads\/2025\/04\/logo_bumm--300x252.jpg 300w, https:\/\/uniomusicalmuro.org\/wp-content\/uploads\/2025\/04\/logo_bumm--768x645.jpg 768w\" sizes=\"(max-width: 848px) 100vw, 848px\" \/><\/figure>\n<\/div>\n\n\n\n<div class=\"wp-block-column is-layout-flow wp-block-column-is-layout-flow\"><\/div>\n\n\n\n<div class=\"wp-block-column is-layout-flow wp-block-column-is-layout-flow\"><\/div>\n<\/div>\n\n\n\n<hr class=\"wp-block-separator alignwide has-alpha-channel-opacity is-style-wide\"\/>\n\n\n\n<h2 class=\"wp-block-heading\">COL\u00b7LABOREN<\/h2>\n\n\n\n<div class=\"wp-block-columns is-layout-flex wp-container-core-columns-layout-4 wp-block-columns-is-layout-flex\">\n<div class=\"wp-block-column is-layout-flow wp-block-column-is-layout-flow\">\n<figure class=\"wp-block-image size-full\"><img loading=\"lazy\" decoding=\"async\" width=\"848\" height=\"712\" src=\"https:\/\/uniomusicalmuro.org\/wp-content\/uploads\/2025\/04\/ajuntament.jpg\" alt=\"\" class=\"wp-image-1124\" srcset=\"https:\/\/uniomusicalmuro.org\/wp-content\/uploads\/2025\/04\/ajuntament.jpg 848w, https:\/\/uniomusicalmuro.org\/wp-content\/uploads\/2025\/04\/ajuntament-300x252.jpg 300w, https:\/\/uniomusicalmuro.org\/wp-content\/uploads\/2025\/04\/ajuntament-768x645.jpg 768w\" sizes=\"(max-width: 848px) 100vw, 848px\" \/><\/figure>\n<\/div>\n\n\n\n<div class=\"wp-block-column is-layout-flow wp-block-column-is-layout-flow\">\n<figure class=\"wp-block-image size-full\"><img loading=\"lazy\" decoding=\"async\" width=\"457\" height=\"375\" src=\"https:\/\/uniomusicalmuro.org\/wp-content\/uploads\/2025\/04\/LOGO-DEFINITIVO-JPG.jpg\" alt=\"\" class=\"wp-image-1125\" srcset=\"https:\/\/uniomusicalmuro.org\/wp-content\/uploads\/2025\/04\/LOGO-DEFINITIVO-JPG.jpg 457w, https:\/\/uniomusicalmuro.org\/wp-content\/uploads\/2025\/04\/LOGO-DEFINITIVO-JPG-300x246.jpg 300w\" sizes=\"(max-width: 457px) 100vw, 457px\" \/><\/figure>\n<\/div>\n\n\n\n<div class=\"wp-block-column is-layout-flow wp-block-column-is-layout-flow\">\n<figure class=\"wp-block-image size-large is-resized\"><img loading=\"lazy\" decoding=\"async\" width=\"1024\" height=\"1024\" src=\"https:\/\/uniomusicalmuro.org\/wp-content\/uploads\/2025\/04\/LOGO-GTE-MUSICA-1024x1024.jpg\" alt=\"\" class=\"wp-image-1127\" style=\"width:296px;height:auto\" srcset=\"https:\/\/uniomusicalmuro.org\/wp-content\/uploads\/2025\/04\/LOGO-GTE-MUSICA-1024x1024.jpg 1024w, https:\/\/uniomusicalmuro.org\/wp-content\/uploads\/2025\/04\/LOGO-GTE-MUSICA-300x300.jpg 300w, https:\/\/uniomusicalmuro.org\/wp-content\/uploads\/2025\/04\/LOGO-GTE-MUSICA-150x150.jpg 150w, https:\/\/uniomusicalmuro.org\/wp-content\/uploads\/2025\/04\/LOGO-GTE-MUSICA-768x768.jpg 768w, https:\/\/uniomusicalmuro.org\/wp-content\/uploads\/2025\/04\/LOGO-GTE-MUSICA-1536x1536.jpg 1536w, https:\/\/uniomusicalmuro.org\/wp-content\/uploads\/2025\/04\/LOGO-GTE-MUSICA-2048x2048.jpg 2048w, https:\/\/uniomusicalmuro.org\/wp-content\/uploads\/2025\/04\/LOGO-GTE-MUSICA-60x60.jpg 60w\" sizes=\"(max-width: 1024px) 100vw, 1024px\" \/><\/figure>\n<\/div>\n<\/div>\n\n\n\n<hr class=\"wp-block-separator alignwide has-alpha-channel-opacity is-style-wide\"\/>\n\n\n\n<h2 class=\"wp-block-heading\">CONTACTE<\/h2>\n\n\n\n<p>UNI\u00d3 MUSICAL DE MURO<br>C\/ Carme, 2 &#8211; 03830 MURO (Alacant)<br>Tel.: 620298762 &#8211; 636574454<br>uniomusicalmuro@gmail.com<\/p>\n","protected":false},"excerpt":{"rendered":"<p>DEL 16 AL 19 DE JULIOL DE 2025 PROFESSOR JOS\u00c9 RAFAEL PASCUAL-VILAPLANA Estudia Piano i Bombard\u00ed&#8230;<\/p>\n","protected":false},"author":2,"featured_media":1033,"parent":0,"menu_order":0,"comment_status":"closed","ping_status":"closed","template":"","meta":{"footnotes":""},"_links":{"self":[{"href":"https:\/\/uniomusicalmuro.org\/index.php?rest_route=\/wp\/v2\/pages\/1032"}],"collection":[{"href":"https:\/\/uniomusicalmuro.org\/index.php?rest_route=\/wp\/v2\/pages"}],"about":[{"href":"https:\/\/uniomusicalmuro.org\/index.php?rest_route=\/wp\/v2\/types\/page"}],"author":[{"embeddable":true,"href":"https:\/\/uniomusicalmuro.org\/index.php?rest_route=\/wp\/v2\/users\/2"}],"replies":[{"embeddable":true,"href":"https:\/\/uniomusicalmuro.org\/index.php?rest_route=%2Fwp%2Fv2%2Fcomments&post=1032"}],"version-history":[{"count":65,"href":"https:\/\/uniomusicalmuro.org\/index.php?rest_route=\/wp\/v2\/pages\/1032\/revisions"}],"predecessor-version":[{"id":1151,"href":"https:\/\/uniomusicalmuro.org\/index.php?rest_route=\/wp\/v2\/pages\/1032\/revisions\/1151"}],"wp:featuredmedia":[{"embeddable":true,"href":"https:\/\/uniomusicalmuro.org\/index.php?rest_route=\/wp\/v2\/media\/1033"}],"wp:attachment":[{"href":"https:\/\/uniomusicalmuro.org\/index.php?rest_route=%2Fwp%2Fv2%2Fmedia&parent=1032"}],"curies":[{"name":"wp","href":"https:\/\/api.w.org\/{rel}","templated":true}]}}